{"id":766,"date":"2019-03-04T16:34:01","date_gmt":"2019-03-04T15:34:01","guid":{"rendered":"https:\/\/prentkunst.net\/?post_type=product&#038;p=766"},"modified":"2019-03-04T16:34:01","modified_gmt":"2019-03-04T15:34:01","slug":"het-huis-ten-deil-bij-valkenburg-in-zuid-holland-uit-vaderlandsche-gezichten-of-afbeeldingen","status":"publish","type":"product","link":"https:\/\/prentkunst.net\/index.php\/product\/het-huis-ten-deil-bij-valkenburg-in-zuid-holland-uit-vaderlandsche-gezichten-of-afbeeldingen\/","title":{"rendered":"Het Huis Ten Deil bij Valkenburg in Zuid-Holland, uit &#8216;Vaderlandsche gezichten of afbeeldingen&#8230;&#8217;"},"content":{"rendered":"<p>Het Huis Ten Deil bij Valkenburg in Zuid-Holland, ge\u00ebtst door Karel Frederik Bendorp. De tekenaar is Jan Bulthuis of zijn opvolger J. Gardiner Visscher.<\/p>\n<p>Uit &#8216;Vaderlandsche gezichten of afbeeldingen van den tegenwoordigen staat der Vereenigde Nederlanden, in den jaare 1786[-1792] naar het leven geteekend door J. Bulthuis [later naar &#8216;t leven geschetst door J. Gardiner Visscher] en in het koper gebragt door K.F. Bendorp. &#8216;<br \/>\nUitgegeven in Amsterdam door H. Gartman, W. Vermandel, en J.W. Smit, tussen 1786 en 1792.<\/p>\n<p>Het huis wordt genoemd in de beschrijving van Valkenburg door Jacobus Kok in zijn &#8216;Vaderlandsch Woordenboek&#8217;:<br \/>\nHet Dorp legt veertienhonderdzes\u00ebntachtig Roeden van Leiden, vijfhonderd\u00ebnveertig van Katwijk aan den Rhijn, drie-honderdacht\u00ebntachtig van Rijnsburg, duizend\u00ebnelf van Oegstgeest, negentienhonderd vieren zeventig van Voorschoten, en twee-duizend\u00ebnzeven Roeden van Wassenaar, langs den korsten weg door \u2019t Duin, of eenentwintighonderd\u00ebndrie Roeden, indien men den weg over \u2019t Huis ten Deil neemt.<\/p>\n<p>Midden onder afbeelding: T&#8217;HUIS TEN DEIL.<\/p>\n<p>Korte onderrand<\/p>\n<p>Afmetingen (breedte x hoogte in cm):<br \/>\nBedrukt: 10,2 x 7,9<br \/>\nBlad: 12,2 x 10,1<\/p>\n","protected":false},"excerpt":{"rendered":"<p>Het Huis Ten Deil bij Valkenburg in Zuid-Holland, ge\u00ebtst door Karel Frederik Bendorp. De tekenaar is Jan Bulthuis of zijn opvolger J. Gardiner Visscher.<\/p>\n","protected":false},"featured_media":604,"template":"","meta":{"neve_meta_sidebar":"","neve_meta_container":"","neve_meta_enable_content_width":"off","neve_meta_content_width":0,"neve_meta_title_alignment":"","neve_meta_author_avatar":"","neve_post_elements_order":"","neve_meta_disable_header":"","neve_meta_disable_footer":"","neve_meta_disable_title":"","_themeisle_gutenberg_block_has_review":false},"product_brand":[],"product_cat":[18,36],"product_tag":[37,38],"class_list":{"0":"post-766","1":"product","2":"type-product","3":"status-publish","4":"has-post-thumbnail","6":"product_cat-nederland","7":"product_cat-zuid-holland","8":"product_tag-nederland","9":"product_tag-zuid-holland","11":"first","12":"instock","13":"shipping-taxable","14":"purchasable","15":"product-type-simple"},"jetpack_sharing_enabled":true,"_links":{"self":[{"href":"https:\/\/prentkunst.net\/index.php\/wp-json\/wp\/v2\/product\/766","targetHints":{"allow":["GET"]}}],"collection":[{"href":"https:\/\/prentkunst.net\/index.php\/wp-json\/wp\/v2\/product"}],"about":[{"href":"https:\/\/prentkunst.net\/index.php\/wp-json\/wp\/v2\/types\/product"}],"wp:featuredmedia":[{"embeddable":true,"href":"https:\/\/prentkunst.net\/index.php\/wp-json\/wp\/v2\/media\/604"}],"wp:attachment":[{"href":"https:\/\/prentkunst.net\/index.php\/wp-json\/wp\/v2\/media?parent=766"}],"wp:term":[{"taxonomy":"product_brand","embeddable":true,"href":"https:\/\/prentkunst.net\/index.php\/wp-json\/wp\/v2\/product_brand?post=766"},{"taxonomy":"product_cat","embeddable":true,"href":"https:\/\/prentkunst.net\/index.php\/wp-json\/wp\/v2\/product_cat?post=766"},{"taxonomy":"product_tag","embeddable":true,"href":"https:\/\/prentkunst.net\/index.php\/wp-json\/wp\/v2\/product_tag?post=766"}],"curies":[{"name":"wp","href":"https:\/\/api.w.org\/{rel}","templated":true}]}}