{"id":3428,"date":"2023-08-19T08:36:58","date_gmt":"2023-08-19T07:36:58","guid":{"rendered":"https:\/\/prentkunst.net\/?post_type=product&#038;p=3428"},"modified":"2023-08-19T08:36:59","modified_gmt":"2023-08-19T07:36:59","slug":"muiderpoort-en-plantage-amsterdam","status":"publish","type":"product","link":"https:\/\/prentkunst.net\/index.php\/product\/muiderpoort-en-plantage-amsterdam\/","title":{"rendered":"Muiderpoort en Plantage, Amsterdam"},"content":{"rendered":"<p>Muiderpoort,en Plantage, Amsterdam<\/p>\n<p>Waarschijnlijk gemaakt tussen 1740 en 1790<\/p>\n<p>Opticaprent<br \/>\nOude inkleuring.<\/p>\n<p>Tekst:<br \/>\nLinks boven: 131 (geschreven)<br \/>\nLinks boven afbeelding: Collection des Prospects<br \/>\nMidden boven afbeelding:VU\u00cb DE LA PORTE DE MUIDEN. (in spiegelschrift)<br \/>\nLinks onder afbeelding:<br \/>\nde beyer delin.<br \/>\nRechts onder afbeelding:<br \/>\nGrav\u00e9 par J. Frederic Leizelt<br \/>\nMidden onder afbeelding:<br \/>\nVu\u00eb de la Porte de Muiden au cot\u00e9 du Plant\u00e2ge.<br \/>\nOnder tekst afbeeldiing<br \/>\nSe vend \u00e0 Augsbourg au Negoce commun de l&#8217;Academie Imperiale d&#8217;Empire des Arts libereaux avec Privilege de Sa Majest\u00e9 Imperiale et avec Defense  de n&#8217;en faire Copie.<\/p>\n<p>Papier wat vuil, rand wat beschadigd en vlekkerig, scheur beneden midden tot in tekst.<\/p>\n<p>Afmetingen (breedte x hoogte in cm):<br \/>\nBlad: 48,5 x 40,5<\/p>\n","protected":false},"excerpt":{"rendered":"<p>Muiderpoort en Plantage, Amsterdam<br \/>\nOpticaprent<\/p>\n","protected":false},"featured_media":3420,"template":"","meta":{"neve_meta_sidebar":"","neve_meta_container":"","neve_meta_enable_content_width":"off","neve_meta_content_width":100,"neve_meta_title_alignment":"","neve_meta_author_avatar":"","neve_post_elements_order":"","neve_meta_disable_header":"","neve_meta_disable_footer":"","neve_meta_disable_title":"","_themeisle_gutenberg_block_has_review":false},"product_brand":[],"product_cat":[18,53],"product_tag":[37,52],"class_list":{"0":"post-3428","1":"product","2":"type-product","3":"status-publish","4":"has-post-thumbnail","6":"product_cat-nederland","7":"product_cat-noord-holland","8":"product_tag-nederland","9":"product_tag-noord-holland","10":"product_shipping_class-nl-pakket-tot-10-kg","12":"first","13":"instock","14":"sold-individually","15":"shipping-taxable","16":"purchasable","17":"product-type-simple"},"jetpack_sharing_enabled":true,"_links":{"self":[{"href":"https:\/\/prentkunst.net\/index.php\/wp-json\/wp\/v2\/product\/3428","targetHints":{"allow":["GET"]}}],"collection":[{"href":"https:\/\/prentkunst.net\/index.php\/wp-json\/wp\/v2\/product"}],"about":[{"href":"https:\/\/prentkunst.net\/index.php\/wp-json\/wp\/v2\/types\/product"}],"wp:featuredmedia":[{"embeddable":true,"href":"https:\/\/prentkunst.net\/index.php\/wp-json\/wp\/v2\/media\/3420"}],"wp:attachment":[{"href":"https:\/\/prentkunst.net\/index.php\/wp-json\/wp\/v2\/media?parent=3428"}],"wp:term":[{"taxonomy":"product_brand","embeddable":true,"href":"https:\/\/prentkunst.net\/index.php\/wp-json\/wp\/v2\/product_brand?post=3428"},{"taxonomy":"product_cat","embeddable":true,"href":"https:\/\/prentkunst.net\/index.php\/wp-json\/wp\/v2\/product_cat?post=3428"},{"taxonomy":"product_tag","embeddable":true,"href":"https:\/\/prentkunst.net\/index.php\/wp-json\/wp\/v2\/product_tag?post=3428"}],"curies":[{"name":"wp","href":"https:\/\/api.w.org\/{rel}","templated":true}]}}