{"id":3381,"date":"2023-06-18T15:35:52","date_gmt":"2023-06-18T14:35:52","guid":{"rendered":"https:\/\/prentkunst.net\/?post_type=product&#038;p=3381"},"modified":"2023-06-18T15:35:52","modified_gmt":"2023-06-18T14:35:52","slug":"aanzicht-van-klodzko-in-polen-tekening-door-c-wurbs-en-staalgravure-door-g-m-kurz","status":"publish","type":"product","link":"https:\/\/prentkunst.net\/index.php\/product\/aanzicht-van-klodzko-in-polen-tekening-door-c-wurbs-en-staalgravure-door-g-m-kurz\/","title":{"rendered":"Aanzicht van K\u0142odzko, in Polen, tekening door C.W\u00fcrbs en staalgravure door G.M.Kurz."},"content":{"rendered":"<p>Aanzicht van K\u0142odzko, in Polen.<br \/>\nDe Duitse naam van de stad is Glatz.<br \/>\nTekening door C.W\u00fcrbs en staalgravure door G.M.Kurz.<\/p>\n<p>Lichte beschadigingen bovenrand.<\/p>\n<p>Afmetingen (breedte x hoogte in cm):<br \/>\nBlad: 23,3 x 15<br \/>\nPassepartout: 30 x 26<\/p>\n","protected":false},"excerpt":{"rendered":"<p>Aanzicht van K\u0142odzko, in Polen.<br \/>\nTekening door C.W\u00fcrbs en staalgravure door G.M.Kurz.<\/p>\n","protected":false},"featured_media":1765,"template":"","meta":{"neve_meta_sidebar":"","neve_meta_container":"","neve_meta_enable_content_width":"off","neve_meta_content_width":100,"neve_meta_title_alignment":"","neve_meta_author_avatar":"","neve_post_elements_order":"","neve_meta_disable_header":"","neve_meta_disable_footer":"","neve_meta_disable_title":"","_themeisle_gutenberg_block_has_review":false},"product_brand":[],"product_cat":[101],"product_tag":[102],"class_list":{"0":"post-3381","1":"product","2":"type-product","3":"status-publish","4":"has-post-thumbnail","6":"product_cat-polen","7":"product_tag-polen","8":"product_shipping_class-nl-pakket-tot-10-kg","10":"first","11":"instock","12":"sold-individually","13":"shipping-taxable","14":"purchasable","15":"product-type-simple"},"jetpack_sharing_enabled":true,"_links":{"self":[{"href":"https:\/\/prentkunst.net\/index.php\/wp-json\/wp\/v2\/product\/3381","targetHints":{"allow":["GET"]}}],"collection":[{"href":"https:\/\/prentkunst.net\/index.php\/wp-json\/wp\/v2\/product"}],"about":[{"href":"https:\/\/prentkunst.net\/index.php\/wp-json\/wp\/v2\/types\/product"}],"wp:featuredmedia":[{"embeddable":true,"href":"https:\/\/prentkunst.net\/index.php\/wp-json\/wp\/v2\/media\/1765"}],"wp:attachment":[{"href":"https:\/\/prentkunst.net\/index.php\/wp-json\/wp\/v2\/media?parent=3381"}],"wp:term":[{"taxonomy":"product_brand","embeddable":true,"href":"https:\/\/prentkunst.net\/index.php\/wp-json\/wp\/v2\/product_brand?post=3381"},{"taxonomy":"product_cat","embeddable":true,"href":"https:\/\/prentkunst.net\/index.php\/wp-json\/wp\/v2\/product_cat?post=3381"},{"taxonomy":"product_tag","embeddable":true,"href":"https:\/\/prentkunst.net\/index.php\/wp-json\/wp\/v2\/product_tag?post=3381"}],"curies":[{"name":"wp","href":"https:\/\/api.w.org\/{rel}","templated":true}]}}