{"id":3371,"date":"2023-06-14T13:55:42","date_gmt":"2023-06-14T12:55:42","guid":{"rendered":"https:\/\/prentkunst.net\/?post_type=product&#038;p=3371"},"modified":"2023-06-14T13:56:14","modified_gmt":"2023-06-14T12:56:14","slug":"ruine-van-de-keizertermen-in-trier-in-rijnland-palts-uit-original-ansichten-der-historisch-merkwurdigsten-stadte-in-deutschland","status":"publish","type":"product","link":"https:\/\/prentkunst.net\/index.php\/product\/ruine-van-de-keizertermen-in-trier-in-rijnland-palts-uit-original-ansichten-der-historisch-merkwurdigsten-stadte-in-deutschland\/","title":{"rendered":"Ru\u00efne van de Keizertermen in Trier, in Rijnland-Palts, uit &#8216;Original-Ansichten der historisch-merkw\u00fcrdigsten St\u00e4dte in Deutschland,&#8230;&#8217;"},"content":{"rendered":"<p>Ru\u00efne van de Keizertermen in Trier, in Rijnland-Palts, uit &#8216;Original-Ansichten der historisch-merkw\u00fcrdigsten St\u00e4dte in Deutschland,&#8230;&#8217;<br \/>\nNaar een tekening van Ludwig Lange (1808-1868), staalgravure door Johann Poppel (1807-1882).<br \/>\nUitgegeven door Gustav Georg Lange (1812-1873?) in Darmstadt<\/p>\n<p>Gezamelijk met zijn broer Julius Lange en de architect Ludwig Lange gaf Gustav Georg Lange &#8216;Original-Ansichten der historisch-merkw\u00fcrdigsten St\u00e4dte in Deutschland, ihrer Dome, Kirchen und sonstigen Baudenkmale&#8217;, verschenen tussen 1832 en 1856 in zes banden, uit. Het werk bevat ongeveer 1500 staalgravures, onder andere van Ernst Rauch, Karl Rauch, Gustav Adolph M\u00fcller en Johann Gabriel Friedrich Poppel<\/p>\n<p>Met de bouw van dit publieke badhuis werd al in de derde eeuw van onze jaartelling begonnen. Er werd, met kleine onderbrekingen, doorgebouwd door keizer Constantijn tot aan zijn vertrek uit Trier, om het jaar 326. Maar de termen werden niet voltooid.<br \/>\nBron: https:\/\/www.trierer-original.de\/Uns-Trier\/spektakulaere-Bauwerke\/Kaisertherme-51624.html<\/p>\n<p>Voorzijde links onder afbeelding: Gez. v. L. Lange, Gez(eichnet) v(on) L(udwig) Lange, Getekend door Ludwig Lange<br \/>\nVoorzijde midden onder afbeelding: Darmstadt bei G.G. Lange,<br \/>\nVoorzijde rechts onder afbeelding: Stahlst. v. Joh. Poppel, Stahlst(ich) v(on) Joh(ann) Poppel, Staalgravure door Johann Poppel<br \/>\nVoorzijde midden beneden: BAINS ROMAINS \u00c0 TR\u00c8VES<br \/>\nDIE R\u00d6MISCHE BADER IN THE ROMAN BATHS AT<br \/>\nTRIER<\/p>\n<p>Achterzijde: blank<\/p>\n<p>Afmetingen (breedte x hoogte in cm):<br \/>\nBlad: 23,4 x 15,1<br \/>\nPassepartout: 30 x 26<\/p>\n","protected":false},"excerpt":{"rendered":"<p>Ru\u00efne van de Keizertermen in Trier, in Rijnland-Palts, uit &#8216;Original-Ansichten der historisch-merkw\u00fcrdigsten St\u00e4dte in Deutschland,&#8230;&#8217;<br \/>\nNaar een tekening van Ludwig Lange (1808-1868), staalgravure door Johann Poppel (1807-1882).<br \/>\nUitgegeven door Gustav Georg Lange (1812-1873?) in Darmstadt<\/p>\n","protected":false},"featured_media":1747,"template":"","meta":{"neve_meta_sidebar":"","neve_meta_container":"","neve_meta_enable_content_width":"off","neve_meta_content_width":100,"neve_meta_title_alignment":"","neve_meta_author_avatar":"","neve_post_elements_order":"","neve_meta_disable_header":"","neve_meta_disable_footer":"","neve_meta_disable_title":"","_themeisle_gutenberg_block_has_review":false},"product_brand":[],"product_cat":[26,96],"product_tag":[23,95],"class_list":{"0":"post-3371","1":"product","2":"type-product","3":"status-publish","4":"has-post-thumbnail","6":"product_cat-duitsland","7":"product_cat-rheinland-pfalz","8":"product_tag-deutschland","9":"product_tag-rheinland-pfalz","10":"product_shipping_class-nl-pakket-tot-10-kg","12":"first","13":"instock","14":"sold-individually","15":"shipping-taxable","16":"purchasable","17":"product-type-simple"},"jetpack_sharing_enabled":true,"_links":{"self":[{"href":"https:\/\/prentkunst.net\/index.php\/wp-json\/wp\/v2\/product\/3371","targetHints":{"allow":["GET"]}}],"collection":[{"href":"https:\/\/prentkunst.net\/index.php\/wp-json\/wp\/v2\/product"}],"about":[{"href":"https:\/\/prentkunst.net\/index.php\/wp-json\/wp\/v2\/types\/product"}],"wp:featuredmedia":[{"embeddable":true,"href":"https:\/\/prentkunst.net\/index.php\/wp-json\/wp\/v2\/media\/1747"}],"wp:attachment":[{"href":"https:\/\/prentkunst.net\/index.php\/wp-json\/wp\/v2\/media?parent=3371"}],"wp:term":[{"taxonomy":"product_brand","embeddable":true,"href":"https:\/\/prentkunst.net\/index.php\/wp-json\/wp\/v2\/product_brand?post=3371"},{"taxonomy":"product_cat","embeddable":true,"href":"https:\/\/prentkunst.net\/index.php\/wp-json\/wp\/v2\/product_cat?post=3371"},{"taxonomy":"product_tag","embeddable":true,"href":"https:\/\/prentkunst.net\/index.php\/wp-json\/wp\/v2\/product_tag?post=3371"}],"curies":[{"name":"wp","href":"https:\/\/api.w.org\/{rel}","templated":true}]}}