{"id":3370,"date":"2023-06-12T19:26:55","date_gmt":"2023-06-12T18:26:55","guid":{"rendered":"https:\/\/prentkunst.net\/?post_type=product&#038;p=3370"},"modified":"2023-06-12T19:39:29","modified_gmt":"2023-06-12T18:39:29","slug":"wanfried-aan-de-werra-in-hessen-uit-thesaurus-philopoliticus-van-daniel-meisner-en-eberhard-kieser","status":"publish","type":"product","link":"https:\/\/prentkunst.net\/index.php\/product\/wanfried-aan-de-werra-in-hessen-uit-thesaurus-philopoliticus-van-daniel-meisner-en-eberhard-kieser\/","title":{"rendered":"Wanfried, aan de Werra, in Hessen, uit &#8216;Thesaurus philopoliticus&#8217; van Daniel Meisner en Eberhard Kieser"},"content":{"rendered":"<p>Wanfried, aan de Werra, in Hessen, uit &#8216;THESAURUS PHILO-POLITICUS. Das ist: Politisches Schatzk\u00e4stlein guter Herren und bestendiger Freund.&#8217;<br \/>\nUit een verzameling van stadsaanzichten, eerste uitgave uit 1623 in Frankfort aan de Main. Blad is uit een latere uitgave.<br \/>\nDe verzameling is uitgegeven door Poeta laureatus Daniel Meisner en de kopergraveur en uitgever Eberhard Kieser<\/p>\n<p>Midden boven: FUGIENS FUMUM INCIDIT IGNEM.<br \/>\nRechts boven: B25<br \/>\nMidden boven in afbeelding: Wanfridt.ahn der Werr<br \/>\nIn rivier in afbeelding: WERRA FL. , Werra fl(umen), De rivier de Werra<br \/>\nOnder de afbeelding:<br \/>\nIgne perit fugiens fumum: ipfa pericula rerum Sape premunt validum, qui modo tutus erat.<br \/>\nMancher vorm Rauch nur fliegt allein, | auch trifft offt manchen gro\u00df Gefahr,<br \/>\nf\u00e4llt dr\u00fcber gar ins Feuer hinein | Der itzt darf\u00fcr wol sicher war.<br \/>\nDaaronder oude handgeschreven tekst mogelijk in het Pools.<br \/>\n.<br \/>\nAchterzijde: blank<\/p>\n<p>Afmetingen (breedte x hoogte in cm):<br \/>\nBlad: 18,9 x 15,4<br \/>\nPassepartout: 32,1 x 27<\/p>\n","protected":false},"excerpt":{"rendered":"<p>Wanfried, aan de Werra, in Hessen, uit &#8216;THESAURUS PHILO-POLITICUS. Das ist: Politisches Schatzk\u00e4stlein guter Herren und bestendiger Freund.&#8217;<br \/>\nUit een verzameling van stadsaanzichten, eerste uitgave uit 1623 in Frankfort aan de Main. Blad is uit een latere uitgave.<br \/>\nDe verzameling is uitgegeven door Poeta laureatus Daniel Meisner en de kopergraveur en uitgever Eberhard Kieser<\/p>\n","protected":false},"featured_media":1745,"template":"","meta":{"neve_meta_sidebar":"","neve_meta_container":"","neve_meta_enable_content_width":"off","neve_meta_content_width":100,"neve_meta_title_alignment":"","neve_meta_author_avatar":"","neve_post_elements_order":"","neve_meta_disable_header":"","neve_meta_disable_footer":"","neve_meta_disable_title":"","_themeisle_gutenberg_block_has_review":false},"product_brand":[],"product_cat":[26,59],"product_tag":[23,60],"class_list":{"0":"post-3370","1":"product","2":"type-product","3":"status-publish","4":"has-post-thumbnail","6":"product_cat-duitsland","7":"product_cat-hessen","8":"product_tag-deutschland","9":"product_tag-hessen","10":"product_shipping_class-nl-pakket-tot-10-kg","12":"first","13":"instock","14":"sold-individually","15":"shipping-taxable","16":"purchasable","17":"product-type-simple"},"jetpack_sharing_enabled":true,"_links":{"self":[{"href":"https:\/\/prentkunst.net\/index.php\/wp-json\/wp\/v2\/product\/3370","targetHints":{"allow":["GET"]}}],"collection":[{"href":"https:\/\/prentkunst.net\/index.php\/wp-json\/wp\/v2\/product"}],"about":[{"href":"https:\/\/prentkunst.net\/index.php\/wp-json\/wp\/v2\/types\/product"}],"wp:featuredmedia":[{"embeddable":true,"href":"https:\/\/prentkunst.net\/index.php\/wp-json\/wp\/v2\/media\/1745"}],"wp:attachment":[{"href":"https:\/\/prentkunst.net\/index.php\/wp-json\/wp\/v2\/media?parent=3370"}],"wp:term":[{"taxonomy":"product_brand","embeddable":true,"href":"https:\/\/prentkunst.net\/index.php\/wp-json\/wp\/v2\/product_brand?post=3370"},{"taxonomy":"product_cat","embeddable":true,"href":"https:\/\/prentkunst.net\/index.php\/wp-json\/wp\/v2\/product_cat?post=3370"},{"taxonomy":"product_tag","embeddable":true,"href":"https:\/\/prentkunst.net\/index.php\/wp-json\/wp\/v2\/product_tag?post=3370"}],"curies":[{"name":"wp","href":"https:\/\/api.w.org\/{rel}","templated":true}]}}