{"id":2155,"date":"2021-04-05T14:20:07","date_gmt":"2021-04-05T13:20:07","guid":{"rendered":"https:\/\/prentkunst.net\/?post_type=product&#038;p=2155"},"modified":"2021-04-05T14:20:07","modified_gmt":"2021-04-05T13:20:07","slug":"frankenthal-in-rijnland-palts-waarschijnlijk-uit-der-getreue-reis-gefert-durch-ober-und-niederteutschland-1686","status":"publish","type":"product","link":"https:\/\/prentkunst.net\/index.php\/product\/frankenthal-in-rijnland-palts-waarschijnlijk-uit-der-getreue-reis-gefert-durch-ober-und-niederteutschland-1686\/","title":{"rendered":"Frankenthal in Rijnland-Palts, waarschijnlijk uit &#8216;Der getreue Rei\u00df-Gefert durch Ober- und NiederTeutschland&#8217; (1686)"},"content":{"rendered":"<p>Frankenthal in Rijnland-Palts, waarschijnlijk uit &#8216;Der getreue Rei\u00df-Gefert durch Ober- und NiederTeutschland&#8217;.<br \/>\nUitgegeven in N\u00fcrnberg in 1686 door Christoph Riegel (werkzaam 1678 &#8211; 1714, gestorven in 1714)<br \/>\nHet  werk, waaruit de plattegrond komt, is van Johann Christoph Beer ( 1638-1712)<br \/>\nDe plattegrond zou eventueel ook in een van Riegel&#8217;s andere uitgaven gebruikt kunnen zijn, maar bovenstaand is de meest waarschijnlijke bron.<\/p>\n<p>De meer volledige titel van het werk:<br \/>\nDer getreue Rei\u00df-Gefert durch Ober- und Nieder-Teutschland : Das ist: Grundrichtige und ausf\u00fchrliche Abhandlung derer jenigen Residenzien\/ St\u00e4dte\/ Schl\u00f6sser\/ Vestungen\/ St\u00e4dtlein und nahmhafften Markflecken\/ welche so wol in Ober- als Nieder-Teutschland, einem Reisenden sich hin und wieder vorstellig machen und zwar solcher Gestalt\/ da\u00df darinn derer Ursprung\/ Aufnahm\/ Fortification\/ Rarit\u00e4ten\/ herzliche Geb\u00e4ue\/ und Gl\u00fcck- und Ungl\u00fccks-F\u00e4lle bis auf gegenw\u00e4rtige Zeit fortgesetzt enthalten. Dabey auch noch \u00fcber das ein absonderlicher kurz-gefasster Weegweiser angeh\u00e4nget zu finden, worinnen kl\u00e4rlich zu sehen, wie viel Meilen ein Ort von dem andern entlegen. Alles aus denen bew\u00e4hrtesten Scribenten hervorgesuchet\/ zum Nutz-Erg\u00f6tzen mitgetheilet &#8230;<\/p>\n<p>Schaars voorkomende plattegrond.<\/p>\n<p>Rechts boven in de kaart: FRANKENTHAL.<br \/>\nAchterzijde: blank<\/p>\n<p>Afmetingen (breedte x hoogte in cm):<br \/>\nBlad: 13,1 x 7,5<br \/>\nPassepartout: 24 x 18<\/p>\n","protected":false},"excerpt":{"rendered":"<p>Frankenthal in Rijnland-Palts, waarschijnlijk uit &#8216;Der getreue Rei\u00df-Gefert durch Ober- und NiederTeutschland&#8217;.<br \/>\nUitgegeven in N\u00fcrnberg in 1686 door Christoph Riegel (werkzaam 1678 &#8211; 1714, gestorven in 1714)<\/p>\n","protected":false},"featured_media":1732,"template":"","meta":{"neve_meta_sidebar":"","neve_meta_container":"","neve_meta_enable_content_width":"off","neve_meta_content_width":0,"neve_meta_title_alignment":"","neve_meta_author_avatar":"","neve_post_elements_order":"","neve_meta_disable_header":"","neve_meta_disable_footer":"","neve_meta_disable_title":"","_themeisle_gutenberg_block_has_review":false},"product_brand":[],"product_cat":[26,96],"product_tag":[24,95],"class_list":{"0":"post-2155","1":"product","2":"type-product","3":"status-publish","4":"has-post-thumbnail","6":"product_cat-duitsland","7":"product_cat-rheinland-pfalz","8":"product_tag-duitsland","9":"product_tag-rheinland-pfalz","10":"product_shipping_class-nl-pakket-tot-10-kg","12":"first","13":"instock","14":"sold-individually","15":"shipping-taxable","16":"purchasable","17":"product-type-simple"},"jetpack_sharing_enabled":true,"_links":{"self":[{"href":"https:\/\/prentkunst.net\/index.php\/wp-json\/wp\/v2\/product\/2155","targetHints":{"allow":["GET"]}}],"collection":[{"href":"https:\/\/prentkunst.net\/index.php\/wp-json\/wp\/v2\/product"}],"about":[{"href":"https:\/\/prentkunst.net\/index.php\/wp-json\/wp\/v2\/types\/product"}],"wp:featuredmedia":[{"embeddable":true,"href":"https:\/\/prentkunst.net\/index.php\/wp-json\/wp\/v2\/media\/1732"}],"wp:attachment":[{"href":"https:\/\/prentkunst.net\/index.php\/wp-json\/wp\/v2\/media?parent=2155"}],"wp:term":[{"taxonomy":"product_brand","embeddable":true,"href":"https:\/\/prentkunst.net\/index.php\/wp-json\/wp\/v2\/product_brand?post=2155"},{"taxonomy":"product_cat","embeddable":true,"href":"https:\/\/prentkunst.net\/index.php\/wp-json\/wp\/v2\/product_cat?post=2155"},{"taxonomy":"product_tag","embeddable":true,"href":"https:\/\/prentkunst.net\/index.php\/wp-json\/wp\/v2\/product_tag?post=2155"}],"curies":[{"name":"wp","href":"https:\/\/api.w.org\/{rel}","templated":true}]}}