{"id":1241,"date":"2019-06-05T12:12:47","date_gmt":"2019-06-05T11:12:47","guid":{"rendered":"https:\/\/prentkunst.net\/?post_type=product&#038;p=1241"},"modified":"2019-06-05T12:12:47","modified_gmt":"2019-06-05T11:12:47","slug":"kaart-van-het-markgraafschap-moravie-door-matthaus-seutter-18e-eeuw","status":"publish","type":"product","link":"https:\/\/prentkunst.net\/index.php\/product\/kaart-van-het-markgraafschap-moravie-door-matthaus-seutter-18e-eeuw\/","title":{"rendered":"Kaart van het markgraafschap Moravi\u00eb, door Matth\u00e4us Seutter (18e eeuw)"},"content":{"rendered":"<p>Grote kaart van het markgraafschap Moravi\u00eb, door de Duitse cartograaf Matth\u00e4us Seutter (1678-1757).<br \/>\nMet links onder in een cartouche een aanzicht van de de stad Brno.<\/p>\n<p>Links boven in cartouche: MORAVIA \/ MARCHIONATUS \/ IN SEX CIRCULOS DIVISUS \/ JUXTA RECENTISSIMAM DIMENSIONEM \/ ET ACCURATISSIMAS OBSERVATIONES \/ AERI INCISUS ET VENUM EXPOSITUS \/ \u00c0 \/ MATTH. SEUTTER, S.C.M.G. \/ AUGUSTANO. (Het markgraafschap Moravi\u00eb, verdeeld in zes districten, volgens de meest recente opmetingen en meest accurate waarnemingen, in koper gegraveerd en aangeboden ter verkoop door Matth(\u00e4us) Seutter, &#8216;S(acrae) C(aesareae) M(aiestatis) G(eographus)&#8217; Zijne Keizerlijke Majesteits Geograaf in Augsburg.). Boven het cartouche het Moravische wapen.<br \/>\nLinks onder: cartouche met stadsaanzicht van &#8216;Brinn&#8217; (Brno) en maatbalk met &#8216;Scala Milliarium Moravicorum.&#8217; (Schaal in Moravische mijlen.). Boven het stadsaanzicht, glaswaren, een product waarvan de productie werkplaatsen op de kaart staan aangegeven..<\/p>\n<p>Rechte boven &#8216;Notarum Explicatio.'(Uitleg van Notities, tekens, kaart legenda)<br \/>\n&#8216;Urbes praecipuae.&#8217; (voornaamste steden) &#8216;Post stationes.&#8217; (poststations)<br \/>\n&#8216;Urbes minores.&#8217; (kleinere steden) &#8216;Via postarum.&#8217; (postwegen)<br \/>\n&#8216;Oppida.&#8217; (versterkte plaats) &#8216;Vinetorum colles.&#8217; (wijnbergen)<br \/>\n&#8216;Castellum.&#8217; (fort, kasteel) &#8216;Thermae seu aquae medic.&#8217; (thermen ofwel &#8216;aqua medic(a)&#8217; (helend water))<br \/>\n&#8216;Monasterium.&#8217; (klooster) &#8216;Officinae vitrariae.&#8217; (glas werkplaatsen)<br \/>\n&#8216;Arces.&#8217; (versterking) &#8216;Ferri fodinae.&#8217; (ijzermijnen)<br \/>\n&#8216;Pagi.&#8217; (dorp) &#8216;Auri et argenti fodinae.&#8217; (goud- en zilvermijnen)<\/p>\n<p>Midden onder de afbeelding, met licht tekstverlies: &#8216;Cum Gratia et Privil. S.R.I. Vicariat9, in partib9 Rheni, Svevice, et Juris Franconici&#8217; ( Cum Gratia et Privil(egio) S(acri).R(omani) I(mperii) Vicariat(us), in partib(us) Rheni, Svevice, et Juris Franconici&#8217;, Met genadige toestemming en privilege van het stadhouderdom van het Heilige Roomse Rijk, in de delen met het Rijnse, Schwabische en Frankische Recht.)<\/p>\n<p>Achterzijde: blank<\/p>\n<p>Oude inkleuring.<\/p>\n<p>Licht beschadigde en korte randen, vooral de beneden rand. Beneden rand licht vlekkig tot in de afbeelding.<\/p>\n<p>Afmetingen (breedte x hoogte in cm):<br \/>\nAfbeelding: 57,8 x 49,4<br \/>\nBlad: 60,2 x 51,5<br \/>\nPassepartout: 80,1 x 70<\/p>\n","protected":false},"excerpt":{"rendered":"<p>Grote kaart van het markgraafschap Moravi\u00eb, door de Duitse cartograaf Matth\u00e4us Seutter (1678-1757).<br \/>\nMet links onder in een cartouche een aanzicht van de de stad Brno.<\/p>\n","protected":false},"featured_media":1237,"template":"","meta":{"neve_meta_sidebar":"","neve_meta_container":"","neve_meta_enable_content_width":"","neve_meta_content_width":70,"neve_meta_title_alignment":"","neve_meta_author_avatar":"","neve_post_elements_order":"","neve_meta_disable_header":"","neve_meta_disable_footer":"","neve_meta_disable_title":"","_themeisle_gutenberg_block_has_review":false},"product_brand":[],"product_cat":[77],"product_tag":[76],"class_list":{"0":"post-1241","1":"product","2":"type-product","3":"status-publish","4":"has-post-thumbnail","6":"product_cat-tsjechische_republiek","7":"product_tag-tsjechische_republiek","9":"first","10":"instock","11":"shipping-taxable","12":"purchasable","13":"product-type-simple"},"jetpack_sharing_enabled":true,"_links":{"self":[{"href":"https:\/\/prentkunst.net\/index.php\/wp-json\/wp\/v2\/product\/1241","targetHints":{"allow":["GET"]}}],"collection":[{"href":"https:\/\/prentkunst.net\/index.php\/wp-json\/wp\/v2\/product"}],"about":[{"href":"https:\/\/prentkunst.net\/index.php\/wp-json\/wp\/v2\/types\/product"}],"wp:featuredmedia":[{"embeddable":true,"href":"https:\/\/prentkunst.net\/index.php\/wp-json\/wp\/v2\/media\/1237"}],"wp:attachment":[{"href":"https:\/\/prentkunst.net\/index.php\/wp-json\/wp\/v2\/media?parent=1241"}],"wp:term":[{"taxonomy":"product_brand","embeddable":true,"href":"https:\/\/prentkunst.net\/index.php\/wp-json\/wp\/v2\/product_brand?post=1241"},{"taxonomy":"product_cat","embeddable":true,"href":"https:\/\/prentkunst.net\/index.php\/wp-json\/wp\/v2\/product_cat?post=1241"},{"taxonomy":"product_tag","embeddable":true,"href":"https:\/\/prentkunst.net\/index.php\/wp-json\/wp\/v2\/product_tag?post=1241"}],"curies":[{"name":"wp","href":"https:\/\/api.w.org\/{rel}","templated":true}]}}